{"id":3560,"date":"2020-04-01T01:46:05","date_gmt":"2020-04-01T01:46:05","guid":{"rendered":"https:\/\/omkaralola.com.ar\/om\/?page_id=3560"},"modified":"2024-04-01T22:50:30","modified_gmt":"2024-04-01T22:50:30","slug":"preguntas-frecuentes","status":"publish","type":"page","link":"https:\/\/omkaralola.com.ar\/om\/preguntas-frecuentes\/","title":{"rendered":"Preguntas Frecuentes"},"content":{"rendered":"\t\t<div data-elementor-type=\"wp-page\" data-elementor-id=\"3560\" class=\"elementor elementor-3560\">\n\t\t\t\t\t\t<section class=\"elementor-section elementor-top-section elementor-element elementor-element-fb7f88a elementor-section-boxed elementor-section-height-default elementor-section-height-default\" data-id=\"fb7f88a\" data-element_type=\"section\" data-e-type=\"section\">\n\t\t\t\t\t\t<div class=\"elementor-container elementor-column-gap-default\">\n\t\t\t\t\t<div class=\"elementor-column elementor-col-100 elementor-top-column elementor-element elementor-element-0707119\" data-id=\"0707119\" data-element_type=\"column\" data-e-type=\"column\">\n\t\t\t<div class=\"elementor-widget-wrap elementor-element-populated\">\n\t\t\t\t\t\t<div class=\"elementor-element elementor-element-4cae5e0 elementor-widget-divider--view-line elementor-invisible elementor-widget elementor-widget-divider\" data-id=\"4cae5e0\" data-element_type=\"widget\" data-e-type=\"widget\" data-settings=\"{&quot;_animation&quot;:&quot;fadeInDown&quot;}\" data-widget_type=\"divider.default\">\n\t\t\t\t<div class=\"elementor-widget-container\">\n\t\t\t\t\t\t\t<div class=\"elementor-divider\">\n\t\t\t<span class=\"elementor-divider-separator\">\n\t\t\t\t\t\t<\/span>\n\t\t<\/div>\n\t\t\t\t\t\t<\/div>\n\t\t\t\t<\/div>\n\t\t\t\t<div class=\"elementor-element elementor-element-b703d64 elementor-widget elementor-widget-heading\" data-id=\"b703d64\" data-element_type=\"widget\" data-e-type=\"widget\" data-widget_type=\"heading.default\">\n\t\t\t\t<div class=\"elementor-widget-container\">\n\t\t\t\t\t<h2 class=\"elementor-heading-title elementor-size-default\">PREGUNTAS FRECUENTES<\/h2>\t\t\t\t<\/div>\n\t\t\t\t<\/div>\n\t\t\t\t<div class=\"elementor-element elementor-element-7a65f0c elementor-widget-divider--view-line elementor-invisible elementor-widget elementor-widget-divider\" data-id=\"7a65f0c\" data-element_type=\"widget\" data-e-type=\"widget\" data-settings=\"{&quot;_animation&quot;:&quot;fadeInUp&quot;}\" data-widget_type=\"divider.default\">\n\t\t\t\t<div class=\"elementor-widget-container\">\n\t\t\t\t\t\t\t<div class=\"elementor-divider\">\n\t\t\t<span class=\"elementor-divider-separator\">\n\t\t\t\t\t\t<\/span>\n\t\t<\/div>\n\t\t\t\t\t\t<\/div>\n\t\t\t\t<\/div>\n\t\t\t\t\t<\/div>\n\t\t<\/div>\n\t\t\t\t\t<\/div>\n\t\t<\/section>\n\t\t\t\t<section class=\"elementor-section elementor-top-section elementor-element elementor-element-eca95d0 elementor-section-boxed elementor-section-height-default elementor-section-height-default\" data-id=\"eca95d0\" data-element_type=\"section\" data-e-type=\"section\">\n\t\t\t\t\t\t<div class=\"elementor-container elementor-column-gap-default\">\n\t\t\t\t\t<div class=\"elementor-column elementor-col-100 elementor-top-column elementor-element elementor-element-3b55ab4\" data-id=\"3b55ab4\" data-element_type=\"column\" data-e-type=\"column\">\n\t\t\t<div class=\"elementor-widget-wrap elementor-element-populated\">\n\t\t\t\t\t\t<div class=\"elementor-element elementor-element-cf0fa44 elementor-widget elementor-widget-heading\" data-id=\"cf0fa44\" data-element_type=\"widget\" data-e-type=\"widget\" data-widget_type=\"heading.default\">\n\t\t\t\t<div class=\"elementor-widget-container\">\n\t\t\t\t\t<h3 class=\"elementor-heading-title elementor-size-default\">\u00bfC\u00d3MO CAMBIAR MI CONTRASE\u00d1A?<\/h3>\t\t\t\t<\/div>\n\t\t\t\t<\/div>\n\t\t\t\t<div class=\"elementor-element elementor-element-49d6a21 elementor-widget elementor-widget-text-editor\" data-id=\"49d6a21\" data-element_type=\"widget\" data-e-type=\"widget\" data-widget_type=\"text-editor.default\">\n\t\t\t\t<div class=\"elementor-widget-container\">\n\t\t\t\t\t\t\t\t\t<ul><li><strong>Si ya ten\u00e9s creado un usuario y quer\u00e9s cambiar tu contrase\u00f1a, ingresa en \u201c<a href=\"https:\/\/omkaralola.com.ar\/om\/mi-cuenta\/\">Mi Cuenta<\/a>\u201d y en \u201cDetalles de la Cuenta\u201d podr\u00e1s cambiarla.<\/strong><\/li><\/ul>\t\t\t\t\t\t\t\t<\/div>\n\t\t\t\t<\/div>\n\t\t\t\t\t<\/div>\n\t\t<\/div>\n\t\t\t\t\t<\/div>\n\t\t<\/section>\n\t\t\t\t<section class=\"elementor-section elementor-top-section elementor-element elementor-element-f1a5a17 elementor-section-boxed elementor-section-height-default elementor-section-height-default\" data-id=\"f1a5a17\" data-element_type=\"section\" data-e-type=\"section\">\n\t\t\t\t\t\t<div class=\"elementor-container elementor-column-gap-default\">\n\t\t\t\t\t<div class=\"elementor-column elementor-col-100 elementor-top-column elementor-element elementor-element-1b6839d\" data-id=\"1b6839d\" data-element_type=\"column\" data-e-type=\"column\">\n\t\t\t<div class=\"elementor-widget-wrap elementor-element-populated\">\n\t\t\t\t\t\t<div class=\"elementor-element elementor-element-eb0aba9 elementor-widget elementor-widget-heading\" data-id=\"eb0aba9\" data-element_type=\"widget\" data-e-type=\"widget\" data-widget_type=\"heading.default\">\n\t\t\t\t<div class=\"elementor-widget-container\">\n\t\t\t\t\t<h3 class=\"elementor-heading-title elementor-size-default\">\u00bfC\u00d3MO CAMBIO MIS DATOS DE CLIENTE?<\/h3>\t\t\t\t<\/div>\n\t\t\t\t<\/div>\n\t\t\t\t<div class=\"elementor-element elementor-element-fb32c98 elementor-widget elementor-widget-text-editor\" data-id=\"fb32c98\" data-element_type=\"widget\" data-e-type=\"widget\" data-widget_type=\"text-editor.default\">\n\t\t\t\t<div class=\"elementor-widget-container\">\n\t\t\t\t\t\t\t\t\t<ul><li><strong>Si ya ten\u00e9s creado un usuario y quer\u00e9s cambiar tus datos personales o de tu empresa, ingresa en \u201c<a href=\"https:\/\/omkaralola.com.ar\/om\/mi-cuenta\/\">Mi Cuenta<\/a>\u201d hace click en \u201cDirecciones\u201d y ah\u00ed podras editar tus datos en \u201cDirecci\u00f3n de Facturaci\u00f3n\u201d<\/strong><\/li><li><strong>Si quer\u00e9s modificar los datos de env\u00edo, ingresa en \u201c<a href=\"https:\/\/omkaralola.com.ar\/om\/mi-cuenta\/\">Mi Cuenta<\/a>\u201d hace click en direcciones y ah\u00ed podras editar los datos \u201cDireccion de Env\u00edo\u201d.<\/strong><\/li><\/ul>\t\t\t\t\t\t\t\t<\/div>\n\t\t\t\t<\/div>\n\t\t\t\t\t<\/div>\n\t\t<\/div>\n\t\t\t\t\t<\/div>\n\t\t<\/section>\n\t\t\t\t<section class=\"elementor-section elementor-top-section elementor-element elementor-element-3ab2f6f elementor-section-boxed elementor-section-height-default elementor-section-height-default\" data-id=\"3ab2f6f\" data-element_type=\"section\" data-e-type=\"section\">\n\t\t\t\t\t\t<div class=\"elementor-container elementor-column-gap-default\">\n\t\t\t\t\t<div class=\"elementor-column elementor-col-100 elementor-top-column elementor-element elementor-element-3922271\" data-id=\"3922271\" data-element_type=\"column\" data-e-type=\"column\">\n\t\t\t<div class=\"elementor-widget-wrap elementor-element-populated\">\n\t\t\t\t\t\t<div class=\"elementor-element elementor-element-7e97c0f elementor-widget elementor-widget-heading\" data-id=\"7e97c0f\" data-element_type=\"widget\" data-e-type=\"widget\" data-widget_type=\"heading.default\">\n\t\t\t\t<div class=\"elementor-widget-container\">\n\t\t\t\t\t<h3 class=\"elementor-heading-title elementor-size-default\">\u00bfC\u00d3MO BUSCO Y ENCUENTRO PRODUCTOS?<\/h3>\t\t\t\t<\/div>\n\t\t\t\t<\/div>\n\t\t\t\t<div class=\"elementor-element elementor-element-b6f650d elementor-widget elementor-widget-text-editor\" data-id=\"b6f650d\" data-element_type=\"widget\" data-e-type=\"widget\" data-widget_type=\"text-editor.default\">\n\t\t\t\t<div class=\"elementor-widget-container\">\n\t\t\t\t\t\t\t\t\t<ul><li><p><strong>Podes explorar p\u00e1gina por p\u00e1gina o buscar explorando las distintas categor\u00edas de productos que se encuentra en el men\u00fa, ubicado arriba la derecha de la pantalla representado por tres l\u00edneas, o escribir en el recuadro que aparece en la parte superior del mismo.<\/strong><\/p><\/li><\/ul>\t\t\t\t\t\t\t\t<\/div>\n\t\t\t\t<\/div>\n\t\t\t\t\t<\/div>\n\t\t<\/div>\n\t\t\t\t\t<\/div>\n\t\t<\/section>\n\t\t\t\t<section class=\"elementor-section elementor-top-section elementor-element elementor-element-f7ce0f8 elementor-section-boxed elementor-section-height-default elementor-section-height-default\" data-id=\"f7ce0f8\" data-element_type=\"section\" data-e-type=\"section\">\n\t\t\t\t\t\t<div class=\"elementor-container elementor-column-gap-default\">\n\t\t\t\t\t<div class=\"elementor-column elementor-col-100 elementor-top-column elementor-element elementor-element-407c8b4\" data-id=\"407c8b4\" data-element_type=\"column\" data-e-type=\"column\">\n\t\t\t<div class=\"elementor-widget-wrap elementor-element-populated\">\n\t\t\t\t\t\t<div class=\"elementor-element elementor-element-9703560 elementor-widget elementor-widget-heading\" data-id=\"9703560\" data-element_type=\"widget\" data-e-type=\"widget\" data-widget_type=\"heading.default\">\n\t\t\t\t<div class=\"elementor-widget-container\">\n\t\t\t\t\t<h3 class=\"elementor-heading-title elementor-size-default\">\u00bfC\u00d3MO PUEDO ABONAR EL PEDIDO?<\/h3>\t\t\t\t<\/div>\n\t\t\t\t<\/div>\n\t\t\t\t<div class=\"elementor-element elementor-element-f53af86 elementor-widget elementor-widget-text-editor\" data-id=\"f53af86\" data-element_type=\"widget\" data-e-type=\"widget\" data-widget_type=\"text-editor.default\">\n\t\t\t\t<div class=\"elementor-widget-container\">\n\t\t\t\t\t\t\t\t\t<ul><li><strong>Deposito o Transferencia Bancaria<\/strong><\/li><\/ul><ul><li><strong>Mercado Pago: (Tarjeta d\u00e9bito o cr\u00e9dito, Pago F\u00e1cil, Mercado Point, C\u00f3digo QR, Link de Pago)\u00a0<\/strong><\/li><\/ul><ul><li><strong>Efectivo: Retiro por nuestro Showroom, (Santos Tesei, Zona Oeste)<\/strong><\/li><\/ul>\t\t\t\t\t\t\t\t<\/div>\n\t\t\t\t<\/div>\n\t\t\t\t\t<\/div>\n\t\t<\/div>\n\t\t\t\t\t<\/div>\n\t\t<\/section>\n\t\t\t\t<section class=\"elementor-section elementor-top-section elementor-element elementor-element-7d96957 elementor-section-boxed elementor-section-height-default elementor-section-height-default\" data-id=\"7d96957\" data-element_type=\"section\" data-e-type=\"section\">\n\t\t\t\t\t\t<div class=\"elementor-container elementor-column-gap-default\">\n\t\t\t\t\t<div class=\"elementor-column elementor-col-100 elementor-top-column elementor-element elementor-element-71b81ab\" data-id=\"71b81ab\" data-element_type=\"column\" data-e-type=\"column\">\n\t\t\t<div class=\"elementor-widget-wrap elementor-element-populated\">\n\t\t\t\t\t\t<div class=\"elementor-element elementor-element-9d73f85 elementor-widget elementor-widget-heading\" data-id=\"9d73f85\" data-element_type=\"widget\" data-e-type=\"widget\" data-widget_type=\"heading.default\">\n\t\t\t\t<div class=\"elementor-widget-container\">\n\t\t\t\t\t<h3 class=\"elementor-heading-title elementor-size-default\">\u00bfC\u00d3MO RECIBO MI PEDIDO? Y \u00bfCU\u00c1L ES EL COSTO DEL ENV\u00cdO?<\/h3>\t\t\t\t<\/div>\n\t\t\t\t<\/div>\n\t\t\t\t<div class=\"elementor-element elementor-element-0b25c21 elementor-widget elementor-widget-text-editor\" data-id=\"0b25c21\" data-element_type=\"widget\" data-e-type=\"widget\" data-widget_type=\"text-editor.default\">\n\t\t\t\t<div class=\"elementor-widget-container\">\n\t\t\t\t\t\t\t\t\t<p style=\"text-align: left;\"><strong>\u201cEnviamos a todo el pa\u00eds.\u201d<\/strong><\/p><ul><li><strong>Podes retirar sin cargo por nuestro showroom, (Santos Tesei, Zona Oeste)<\/strong><\/li><li><strong>Podemos enviar tu pedido al domicilio que prefieras (puede ser en tu local, domicilio, oficina, etc.) una vez que completes la primera compra, te contactaremos para comentarte las opciones disponibles y encontrar la que mejor te resulte.<\/strong><\/li><li><strong>El costo del env\u00edo est\u00e1 sujeto al tama\u00f1o\/peso, lugar de destino y medio de env\u00edo. (moto, correo). El mismo correr\u00e1 por cuenta y orden del cliente; y deber\u00e1 ser abonado junto al total del importe de la compra.<\/strong><\/li><li><strong>Cada producto es rigurosamente controlado antes del env\u00edo. Todos los pedidos salen de nuestro dep\u00f3sito en perfectas condiciones de embalaje, por cada bulto utilizamos cajas, cartones, pluribol (burbuja), y sellamos las cajas con cinta de embalaje y detallada la palabra fr\u00e1gil. Por ende, <\/strong><\/li><li><strong>El costo del env\u00edo depender\u00e1 del peso, distancia y valores de la empresa elegida. El mismo correr\u00e1 por cuenta y orden del cliente, como as\u00ed tambi\u00e9n el riesgo de la mercader\u00eda en tr\u00e1nsito.<\/strong><\/li><\/ul>\t\t\t\t\t\t\t\t<\/div>\n\t\t\t\t<\/div>\n\t\t\t\t\t<\/div>\n\t\t<\/div>\n\t\t\t\t\t<\/div>\n\t\t<\/section>\n\t\t\t\t<section class=\"elementor-section elementor-top-section elementor-element elementor-element-6898298 elementor-section-boxed elementor-section-height-default elementor-section-height-default\" data-id=\"6898298\" data-element_type=\"section\" data-e-type=\"section\">\n\t\t\t\t\t\t<div class=\"elementor-container elementor-column-gap-default\">\n\t\t\t\t\t<div class=\"elementor-column elementor-col-100 elementor-top-column elementor-element elementor-element-43e0c00\" data-id=\"43e0c00\" data-element_type=\"column\" data-e-type=\"column\">\n\t\t\t<div class=\"elementor-widget-wrap elementor-element-populated\">\n\t\t\t\t\t\t<div class=\"elementor-element elementor-element-94a667a elementor-widget elementor-widget-heading\" data-id=\"94a667a\" data-element_type=\"widget\" data-e-type=\"widget\" data-widget_type=\"heading.default\">\n\t\t\t\t<div class=\"elementor-widget-container\">\n\t\t\t\t\t<h3 class=\"elementor-heading-title elementor-size-default\">LOS PRODUCTOS LLEGARON DA\u00d1ADOS, \u00bfQU\u00c9 PUEDO HACER?<\/h3>\t\t\t\t<\/div>\n\t\t\t\t<\/div>\n\t\t\t\t<div class=\"elementor-element elementor-element-2d0d14f elementor-widget elementor-widget-text-editor\" data-id=\"2d0d14f\" data-element_type=\"widget\" data-e-type=\"widget\" data-widget_type=\"text-editor.default\">\n\t\t\t\t<div class=\"elementor-widget-container\">\n\t\t\t\t\t\t\t\t\t<ul><li><strong>Si alg\u00fan producto llegase roto, da\u00f1ado o rajado, as\u00ed como tambi\u00e9n el extrav\u00edo de la mercader\u00eda, la responsabilidad corre por cuenta del correo. OMKARALOLA no toma responsabilidad por el maltrato o mala manipulaci\u00f3n de la mercader\u00eda en el transporte. En este caso, se deber\u00e1 hacer el reclamo DIRECTAMENTE AL TRANSPORTE<\/strong><\/li><li><strong>Solo se cambiar\u00e1n si recibieran alg\u00fan producto con fallas o detalles de f\u00e1brica, siempre y cuando se informe dentro de las 48 HS de recibido el pedido, v\u00eda mail o whatsapp.<\/strong><\/li><li><strong>Pasada la semana de entregado el pedido, no se aceptar\u00e1n reclamos ni devoluciones.<\/strong><\/li><li><strong>No se puede cambiar o devolver un producto que ya fue utilizado.<\/strong><\/li><li><strong>Los cambios tienen validez dentro de los 30 d\u00edas de la fecha de emisi\u00f3n de la factura, siempre y cuando hayamos sido notificados dentro de las 48 hs. de haber recibido el pedido.<\/strong><\/li><li><strong>El comprador deber\u00e1 presentar la factura de compra para poder solicitar el cambio, el producto debe ser devuelto en las mismas condiciones.<\/strong><\/li><\/ul>\t\t\t\t\t\t\t\t<\/div>\n\t\t\t\t<\/div>\n\t\t\t\t\t<\/div>\n\t\t<\/div>\n\t\t\t\t\t<\/div>\n\t\t<\/section>\n\t\t\t\t<section class=\"elementor-section elementor-top-section elementor-element elementor-element-c6a0e5c elementor-section-boxed elementor-section-height-default elementor-section-height-default\" data-id=\"c6a0e5c\" data-element_type=\"section\" data-e-type=\"section\">\n\t\t\t\t\t\t<div class=\"elementor-container elementor-column-gap-default\">\n\t\t\t\t\t<div class=\"elementor-column elementor-col-100 elementor-top-column elementor-element elementor-element-4e78dd6\" data-id=\"4e78dd6\" data-element_type=\"column\" data-e-type=\"column\">\n\t\t\t<div class=\"elementor-widget-wrap elementor-element-populated\">\n\t\t\t\t\t\t<div class=\"elementor-element elementor-element-a2d25ad elementor-widget elementor-widget-heading\" data-id=\"a2d25ad\" data-element_type=\"widget\" data-e-type=\"widget\" data-widget_type=\"heading.default\">\n\t\t\t\t<div class=\"elementor-widget-container\">\n\t\t\t\t\t<h3 class=\"elementor-heading-title elementor-size-default\">\u00bfCU\u00c1LES SON LOS TIEMPOS DE ENTREGA?<\/h3>\t\t\t\t<\/div>\n\t\t\t\t<\/div>\n\t\t\t\t<div class=\"elementor-element elementor-element-a59b9b3 elementor-widget elementor-widget-text-editor\" data-id=\"a59b9b3\" data-element_type=\"widget\" data-e-type=\"widget\" data-widget_type=\"text-editor.default\">\n\t\t\t\t<div class=\"elementor-widget-container\">\n\t\t\t\t\t\t\t\t\t<ul><li><strong>Aproximadamente demoramos entre 48 a 72 hs. en despachar los pedidos, dependiendo del stock y la demanda, este tiempo comienza a correr una vez acreditado el pago. Si necesitas recibir tu pedido de forma m\u00e1s r\u00e1pida nos pod\u00e9s avisar por e-mail o whatsapp y vemos la forma de coordinar el env\u00edo con mayor rapidez, siempre y cuando est\u00e9 dentro de nuestras posibilidades.<\/strong><\/li><li><strong>Los plazos de entrega por parte delcorreo se calculan en funci\u00f3n de la localidad \/ provincia de destino (van de 2 a 7 d\u00edas h\u00e1biles). Dichos plazos corren desde el momento en que OMKARALOLA deja los bultos en la empresa.<\/strong><\/li><\/ul>\t\t\t\t\t\t\t\t<\/div>\n\t\t\t\t<\/div>\n\t\t\t\t\t<\/div>\n\t\t<\/div>\n\t\t\t\t\t<\/div>\n\t\t<\/section>\n\t\t\t\t<section class=\"elementor-section elementor-top-section elementor-element elementor-element-644fe93 elementor-section-boxed elementor-section-height-default elementor-section-height-default\" data-id=\"644fe93\" data-element_type=\"section\" data-e-type=\"section\">\n\t\t\t\t\t\t<div class=\"elementor-container elementor-column-gap-default\">\n\t\t\t\t\t<div class=\"elementor-column elementor-col-100 elementor-top-column elementor-element elementor-element-8e6ab73\" data-id=\"8e6ab73\" data-element_type=\"column\" data-e-type=\"column\">\n\t\t\t<div class=\"elementor-widget-wrap elementor-element-populated\">\n\t\t\t\t\t\t<div class=\"elementor-element elementor-element-ae9529b elementor-widget elementor-widget-heading\" data-id=\"ae9529b\" data-element_type=\"widget\" data-e-type=\"widget\" data-widget_type=\"heading.default\">\n\t\t\t\t<div class=\"elementor-widget-container\">\n\t\t\t\t\t<h3 class=\"elementor-heading-title elementor-size-default\">\u00bfC\u00d3MO CONSULTO EL ESTADO DE MI ENV\u00cdO?<\/h3>\t\t\t\t<\/div>\n\t\t\t\t<\/div>\n\t\t\t\t<div class=\"elementor-element elementor-element-a88edab elementor-widget elementor-widget-text-editor\" data-id=\"a88edab\" data-element_type=\"widget\" data-e-type=\"widget\" data-widget_type=\"text-editor.default\">\n\t\t\t\t<div class=\"elementor-widget-container\">\n\t\t\t\t\t\t\t\t\t<ul><li><strong>Una vez que OMKARALOLA deja los bultos en el Correo, te enviamos por e-mail o whatsapp el n\u00famero de gu\u00eda para que puedas seguir el despacho a trav\u00e9s de la web del Correo.<\/strong><\/li><\/ul>\t\t\t\t\t\t\t\t<\/div>\n\t\t\t\t<\/div>\n\t\t\t\t\t<\/div>\n\t\t<\/div>\n\t\t\t\t\t<\/div>\n\t\t<\/section>\n\t\t\t\t<section class=\"elementor-section elementor-top-section elementor-element elementor-element-80572e3 elementor-section-boxed elementor-section-height-default elementor-section-height-default\" data-id=\"80572e3\" data-element_type=\"section\" data-e-type=\"section\">\n\t\t\t\t\t\t<div class=\"elementor-container elementor-column-gap-default\">\n\t\t\t\t\t<div class=\"elementor-column elementor-col-100 elementor-top-column elementor-element elementor-element-8341367\" data-id=\"8341367\" data-element_type=\"column\" data-e-type=\"column\">\n\t\t\t<div class=\"elementor-widget-wrap elementor-element-populated\">\n\t\t\t\t\t\t<div class=\"elementor-element elementor-element-e1ff774 elementor-widget elementor-widget-heading\" data-id=\"e1ff774\" data-element_type=\"widget\" data-e-type=\"widget\" data-widget_type=\"heading.default\">\n\t\t\t\t<div class=\"elementor-widget-container\">\n\t\t\t\t\t<h3 class=\"elementor-heading-title elementor-size-default\">\u00bfQU\u00c9 PASA SI MI CONSULTA NO EST\u00c1 AQU\u00cd?<\/h3>\t\t\t\t<\/div>\n\t\t\t\t<\/div>\n\t\t\t\t<div class=\"elementor-element elementor-element-1b63e98 elementor-widget elementor-widget-text-editor\" data-id=\"1b63e98\" data-element_type=\"widget\" data-e-type=\"widget\" data-widget_type=\"text-editor.default\">\n\t\t\t\t<div class=\"elementor-widget-container\">\n\t\t\t\t\t\t\t\t\t<ul><li><strong>Escribinos un e-mail a <\/strong><a href=\"mailto:info@omkaralola.com.ar\"><strong>info@omkaralola.com.ar<\/strong><\/a><strong> o env\u00edanos un whatsapp al 011-2562-7410<\/strong><\/li><\/ul>\t\t\t\t\t\t\t\t<\/div>\n\t\t\t\t<\/div>\n\t\t\t\t\t<\/div>\n\t\t<\/div>\n\t\t\t\t\t<\/div>\n\t\t<\/section>\n\t\t\t\t<\/div>\n\t\t","protected":false},"excerpt":{"rendered":"<p>PREGUNTAS FRECUENTES \u00bfC\u00d3MO CAMBIAR MI CONTRASE\u00d1A? Si ya ten\u00e9s creado un usuario y quer\u00e9s cambiar tu contrase\u00f1a, ingresa en \u201cMi Cuenta\u201d y en \u201cDetalles de la Cuenta\u201d podr\u00e1s cambiarla. \u00bfC\u00d3MO&#8230;<\/p>\n","protected":false},"author":2,"featured_media":0,"parent":0,"menu_order":0,"comment_status":"closed","ping_status":"closed","template":"","meta":{"footnotes":""},"class_list":["post-3560","page","type-page","status-publish","hentry"],"_links":{"self":[{"href":"https:\/\/omkaralola.com.ar\/om\/wp-json\/wp\/v2\/pages\/3560","targetHints":{"allow":["GET"]}}],"collection":[{"href":"https:\/\/omkaralola.com.ar\/om\/wp-json\/wp\/v2\/pages"}],"about":[{"href":"https:\/\/omkaralola.com.ar\/om\/wp-json\/wp\/v2\/types\/page"}],"author":[{"embeddable":true,"href":"https:\/\/omkaralola.com.ar\/om\/wp-json\/wp\/v2\/users\/2"}],"replies":[{"embeddable":true,"href":"https:\/\/omkaralola.com.ar\/om\/wp-json\/wp\/v2\/comments?post=3560"}],"version-history":[{"count":81,"href":"https:\/\/omkaralola.com.ar\/om\/wp-json\/wp\/v2\/pages\/3560\/revisions"}],"predecessor-version":[{"id":88226,"href":"https:\/\/omkaralola.com.ar\/om\/wp-json\/wp\/v2\/pages\/3560\/revisions\/88226"}],"wp:attachment":[{"href":"https:\/\/omkaralola.com.ar\/om\/wp-json\/wp\/v2\/media?parent=3560"}],"curies":[{"name":"wp","href":"https:\/\/api.w.org\/{rel}","templated":true}]}}