{"id":3540,"date":"2020-03-31T23:32:15","date_gmt":"2020-03-31T23:32:15","guid":{"rendered":"https:\/\/omkaralola.com.ar\/om\/?page_id=3540"},"modified":"2020-12-05T01:17:38","modified_gmt":"2020-12-05T01:17:38","slug":"nosotros","status":"publish","type":"page","link":"https:\/\/omkaralola.com.ar\/om\/nosotros\/","title":{"rendered":"Nosotros"},"content":{"rendered":"\t\t<div data-elementor-type=\"wp-page\" data-elementor-id=\"3540\" class=\"elementor elementor-3540\">\n\t\t\t\t\t\t<section class=\"elementor-section elementor-top-section elementor-element elementor-element-dc5ba16 elementor-section-boxed elementor-section-height-default elementor-section-height-default\" data-id=\"dc5ba16\" data-element_type=\"section\" data-e-type=\"section\">\n\t\t\t\t\t\t<div class=\"elementor-container elementor-column-gap-default\">\n\t\t\t\t\t<div class=\"elementor-column elementor-col-100 elementor-top-column elementor-element elementor-element-8e55ec7\" data-id=\"8e55ec7\" data-element_type=\"column\" data-e-type=\"column\">\n\t\t\t<div class=\"elementor-widget-wrap elementor-element-populated\">\n\t\t\t\t\t\t<div class=\"elementor-element elementor-element-70a7caa elementor-widget elementor-widget-spacer\" data-id=\"70a7caa\" data-element_type=\"widget\" data-e-type=\"widget\" data-widget_type=\"spacer.default\">\n\t\t\t\t<div class=\"elementor-widget-container\">\n\t\t\t\t\t\t\t<div class=\"elementor-spacer\">\n\t\t\t<div class=\"elementor-spacer-inner\"><\/div>\n\t\t<\/div>\n\t\t\t\t\t\t<\/div>\n\t\t\t\t<\/div>\n\t\t\t\t<div class=\"elementor-element elementor-element-cb09f45 elementor-invisible elementor-widget elementor-widget-heading\" data-id=\"cb09f45\" data-element_type=\"widget\" data-e-type=\"widget\" data-settings=\"{&quot;_animation&quot;:&quot;slideInDown&quot;}\" data-widget_type=\"heading.default\">\n\t\t\t\t<div class=\"elementor-widget-container\">\n\t\t\t\t\t<h2 class=\"elementor-heading-title elementor-size-default\">NOSOTROS<\/h2>\t\t\t\t<\/div>\n\t\t\t\t<\/div>\n\t\t\t\t\t<\/div>\n\t\t<\/div>\n\t\t\t\t\t<\/div>\n\t\t<\/section>\n\t\t\t\t<section class=\"elementor-section elementor-top-section elementor-element elementor-element-0139f02 elementor-section-boxed elementor-section-height-default elementor-section-height-default\" data-id=\"0139f02\" data-element_type=\"section\" data-e-type=\"section\">\n\t\t\t\t\t\t<div class=\"elementor-container elementor-column-gap-default\">\n\t\t\t\t\t<div class=\"elementor-column elementor-col-100 elementor-top-column elementor-element elementor-element-ef80905\" data-id=\"ef80905\" data-element_type=\"column\" data-e-type=\"column\">\n\t\t\t<div class=\"elementor-widget-wrap elementor-element-populated\">\n\t\t\t\t\t\t<div class=\"elementor-element elementor-element-f26c355 elementor-widget elementor-widget-text-editor\" data-id=\"f26c355\" data-element_type=\"widget\" data-e-type=\"widget\" data-widget_type=\"text-editor.default\">\n\t\t\t\t<div class=\"elementor-widget-container\">\n\t\t\t\t\t\t\t\t\t<p><strong>Somos una Empresa muy joven que naci\u00f3 con el sue\u00f1o de realizar el trabajo que m\u00e1s nos gustaba &#8230; ser vendedores&#8230;<\/strong><br \/><strong>Este sue\u00f1o fue transform\u00e1ndose en una realidad, y esta se encarg\u00f3 de ir marc\u00e1ndonos un camino&#8230; el de crecer a medida que nuestros clientes lo necesitaban, tratando de cubrir sus necesidades.<\/strong><br \/><strong>Nacimos como\u00a0vendedores de\u00a0algunos pocos art\u00edculos, y hoy contamos con venta MAYORISTA Y MINORISTA de un surtido de productos de dise\u00f1o; originales, divertidos e innovadores, con una amplia variedad de precios, que van desde los mas accesibles hasta los m\u00e1s costosos, para que nadie quede fuera de ser parte de la experiencia \u201cOMKARALOLA\u201d<\/strong><\/p><p><strong>Apostando a la producci\u00f3n Nacional, nos iniciamos como distribuidores de varias marcas, para simplificarte a la hora de elegir tus productos, unificando tus compras en un solo lugar. <\/strong><\/p><p><strong>Lo que siempre tuvimos claro son nuestros tres pilares: HONESTIDAD, RESPETO Y TRABAJO.\u00a0<\/strong><br \/><strong>D\u00eda a d\u00eda trabajamos dando lo mejor de nosotros, imponi\u00e9ndonos desaf\u00edos nuevos para mejorar y cumplir metas, sabiendo que nos falta mucho por corregir y aprender, pero lo hacemos con la tranquilidad de que ponemos el coraz\u00f3n en este negocio, porque amamos lo que hacemos y tenemos muy claro que sin USTEDES nada es posible.<\/strong><\/p><p><strong>\u00a0<\/strong><\/p><p><strong>En nuestro af\u00e1n de seguir brind\u00e1ndoles m\u00e1s de nosotros, hoy iniciamos un nuevo desaf\u00edo&#8230; el\u00a0sitio web.\u00a0Creemos que estamos construyendo algo culturalmente m\u00e1s importante que una tienda. Aspiramos a crear un lazo emocional con USTEDES.<\/strong><\/p><p><strong>S\u00famate a nuestro Sue\u00f1o.<\/strong><\/p>\t\t\t\t\t\t\t\t<\/div>\n\t\t\t\t<\/div>\n\t\t\t\t\t<\/div>\n\t\t<\/div>\n\t\t\t\t\t<\/div>\n\t\t<\/section>\n\t\t\t\t<\/div>\n\t\t","protected":false},"excerpt":{"rendered":"<p>NOSOTROS Somos una Empresa muy joven que naci\u00f3 con el sue\u00f1o de realizar el trabajo que m\u00e1s nos gustaba &#8230; ser vendedores&#8230; Este sue\u00f1o fue transform\u00e1ndose en una realidad, y&#8230;<\/p>\n","protected":false},"author":2,"featured_media":0,"parent":0,"menu_order":0,"comment_status":"closed","ping_status":"closed","template":"","meta":{"footnotes":""},"class_list":["post-3540","page","type-page","status-publish","hentry"],"_links":{"self":[{"href":"https:\/\/omkaralola.com.ar\/om\/wp-json\/wp\/v2\/pages\/3540","targetHints":{"allow":["GET"]}}],"collection":[{"href":"https:\/\/omkaralola.com.ar\/om\/wp-json\/wp\/v2\/pages"}],"about":[{"href":"https:\/\/omkaralola.com.ar\/om\/wp-json\/wp\/v2\/types\/page"}],"author":[{"embeddable":true,"href":"https:\/\/omkaralola.com.ar\/om\/wp-json\/wp\/v2\/users\/2"}],"replies":[{"embeddable":true,"href":"https:\/\/omkaralola.com.ar\/om\/wp-json\/wp\/v2\/comments?post=3540"}],"version-history":[{"count":13,"href":"https:\/\/omkaralola.com.ar\/om\/wp-json\/wp\/v2\/pages\/3540\/revisions"}],"predecessor-version":[{"id":3566,"href":"https:\/\/omkaralola.com.ar\/om\/wp-json\/wp\/v2\/pages\/3540\/revisions\/3566"}],"wp:attachment":[{"href":"https:\/\/omkaralola.com.ar\/om\/wp-json\/wp\/v2\/media?parent=3540"}],"curies":[{"name":"wp","href":"https:\/\/api.w.org\/{rel}","templated":true}]}}